{"id":49,"date":"2026-04-14T11:37:39","date_gmt":"2026-04-14T11:37:39","guid":{"rendered":"http:\/\/jmota.ptis03.pt\/?page_id=49"},"modified":"2026-04-16T13:55:54","modified_gmt":"2026-04-16T13:55:54","slug":"interesses","status":"publish","type":"page","link":"http:\/\/jmota.ptis03.pt\/?page_id=49","title":{"rendered":"Interesses"},"content":{"rendered":"\n<p class=\"has-large-font-size\">Sou um jovem com grandes ambi\u00e7\u00f5es e interesses, aqui vai uma lista dos interesses que mais me caracterizam.<\/p>\n\n\n\n<div class=\"wp-block-group is-nowrap is-layout-flex wp-container-core-group-is-layout-6c531013 wp-block-group-is-layout-flex\">\n<p><strong>-Lego<\/strong><br>Sou uma pessoa muito criativa e acho que Lego \u00e9 uma \u00f3tima forma de expressar as minha ideias e cria\u00e7\u00f5es.<\/p>\n<\/div>\n\n\n\n<div class=\"wp-block-media-text is-stacked-on-mobile\"><figure class=\"wp-block-media-text__media\"><img loading=\"lazy\" decoding=\"async\" width=\"1024\" height=\"768\" src=\"http:\/\/jmota.ptis03.pt\/wp-content\/uploads\/2026\/04\/IMG_20250429_2115371-1-1024x768.jpg\" alt=\"\" class=\"wp-image-51 size-full\" srcset=\"http:\/\/jmota.ptis03.pt\/wp-content\/uploads\/2026\/04\/IMG_20250429_2115371-1-1024x768.jpg 1024w, http:\/\/jmota.ptis03.pt\/wp-content\/uploads\/2026\/04\/IMG_20250429_2115371-1-300x225.jpg 300w, http:\/\/jmota.ptis03.pt\/wp-content\/uploads\/2026\/04\/IMG_20250429_2115371-1-768x576.jpg 768w, http:\/\/jmota.ptis03.pt\/wp-content\/uploads\/2026\/04\/IMG_20250429_2115371-1-1536x1152.jpg 1536w, http:\/\/jmota.ptis03.pt\/wp-content\/uploads\/2026\/04\/IMG_20250429_2115371-1-2048x1536.jpg 2048w\" sizes=\"(max-width: 1024px) 100vw, 1024px\" \/><\/figure><div class=\"wp-block-media-text__content\">\n<p>Duas cria\u00e7\u00f5es de lego minhas inspiradas em dois personagens de Half-Life 2.<\/p>\n<\/div><\/div>\n\n\n\n<p><\/p>\n\n\n\n<p><strong>-Hardware e computadores <\/strong><br>Sempre gostei de hardware e de estudar sobre os componentes de um computador  e ate hoje sonho em montar o meu pr\u00f3prio computador<\/p>\n\n\n\n<div class=\"wp-block-media-text is-stacked-on-mobile\"><figure class=\"wp-block-media-text__media\"><img loading=\"lazy\" decoding=\"async\" width=\"1024\" height=\"768\" src=\"http:\/\/jmota.ptis03.pt\/wp-content\/uploads\/2026\/04\/IMG_20260126_165646-1024x768.jpg\" alt=\"\" class=\"wp-image-52 size-full\" srcset=\"http:\/\/jmota.ptis03.pt\/wp-content\/uploads\/2026\/04\/IMG_20260126_165646-1024x768.jpg 1024w, http:\/\/jmota.ptis03.pt\/wp-content\/uploads\/2026\/04\/IMG_20260126_165646-300x225.jpg 300w, http:\/\/jmota.ptis03.pt\/wp-content\/uploads\/2026\/04\/IMG_20260126_165646-768x576.jpg 768w, http:\/\/jmota.ptis03.pt\/wp-content\/uploads\/2026\/04\/IMG_20260126_165646-1536x1152.jpg 1536w, http:\/\/jmota.ptis03.pt\/wp-content\/uploads\/2026\/04\/IMG_20260126_165646-2048x1536.jpg 2048w\" sizes=\"(max-width: 1024px) 100vw, 1024px\" \/><\/figure><div class=\"wp-block-media-text__content\">\n<p>Uma foto de quando troquei a pasta t\u00e9rmica do meu PC.<\/p>\n<\/div><\/div>\n\n\n\n<p><\/p>\n\n\n\n<p><strong>-Ferrovi\u00e1ria <\/strong><br>Desde pequeno que sempre adorei comboios e locomotivas, passado uns bons anos voltei a ganhar esse interesse, com a possibilidade de algum dia eu trabalhar como maquinista. Aqui deixo algumas das minha locomotivas favoritas de sempre.<\/p>\n\n\n\n<div class=\"wp-block-media-text is-stacked-on-mobile\"><figure class=\"wp-block-media-text__media\"><img loading=\"lazy\" decoding=\"async\" width=\"284\" height=\"177\" src=\"http:\/\/jmota.ptis03.pt\/wp-content\/uploads\/2026\/04\/cp_1300.jpg\" alt=\"\" class=\"wp-image-54 size-full\"\/><\/figure><div class=\"wp-block-media-text__content\">\n<p>Serie 1300(Diesel)- esteve em servi\u00e7o entre 1952 e 1987, todas as unidades foram demolidas e apenas uma foi preservada e posta no museu da ferrovi\u00e1ria.<\/p>\n<\/div><\/div>\n\n\n\n<p><\/p>\n\n\n\n<div class=\"wp-block-media-text is-stacked-on-mobile\"><figure class=\"wp-block-media-text__media\"><img loading=\"lazy\" decoding=\"async\" width=\"960\" height=\"517\" src=\"http:\/\/jmota.ptis03.pt\/wp-content\/uploads\/2026\/04\/cp_1930.jpg\" alt=\"\" class=\"wp-image-55 size-full\" srcset=\"http:\/\/jmota.ptis03.pt\/wp-content\/uploads\/2026\/04\/cp_1930.jpg 960w, http:\/\/jmota.ptis03.pt\/wp-content\/uploads\/2026\/04\/cp_1930-300x162.jpg 300w, http:\/\/jmota.ptis03.pt\/wp-content\/uploads\/2026\/04\/cp_1930-768x414.jpg 768w\" sizes=\"(max-width: 960px) 100vw, 960px\" \/><\/figure><div class=\"wp-block-media-text__content\">\n<p>Serie 1930(Diesel)- esteve em servi\u00e7o emtre 1981 e 2018 com 3 unidades vendidas \u00e1 MEDWAY e as restantes encontasdas no entroncamento.<\/p>\n<\/div><\/div>\n\n\n\n<div class=\"wp-block-media-text is-stacked-on-mobile\"><figure class=\"wp-block-media-text__media\"><img loading=\"lazy\" decoding=\"async\" width=\"469\" height=\"420\" src=\"http:\/\/jmota.ptis03.pt\/wp-content\/uploads\/2026\/04\/cp_5600.jpg\" alt=\"\" class=\"wp-image-56 size-full\" srcset=\"http:\/\/jmota.ptis03.pt\/wp-content\/uploads\/2026\/04\/cp_5600.jpg 469w, http:\/\/jmota.ptis03.pt\/wp-content\/uploads\/2026\/04\/cp_5600-300x269.jpg 300w\" sizes=\"(max-width: 469px) 100vw, 469px\" \/><\/figure><div class=\"wp-block-media-text__content\">\n<p>Serie 5600(El\u00e9trica)- entrou em servi\u00e7o 1993 e atua at\u00e9 hoje(14\/04\/2026) como comboio de passageiros intercidades.<\/p>\n<\/div><\/div>\n\n\n\n<p><\/p>\n\n\n\n<p><\/p>\n\n\n\n<p><\/p>\n\n\n\n<p><\/p>\n\n\n\n<p><\/p>\n\n\n\n<p><\/p>\n\n\n\n<p><\/p>\n\n\n\n<p><\/p>\n\n\n\n<p><\/p>\n\n\n\n<p><\/p>\n\n\n\n<p><\/p>\n\n\n\n<p><\/p>\n\n\n\n<p><\/p>\n\n\n\n<p><\/p>\n\n\n\n<p><\/p>\n","protected":false},"excerpt":{"rendered":"<p>Sou um jovem com grandes ambi\u00e7\u00f5es e interesses, aqui vai uma lista dos interesses que mais me caracterizam. -LegoSou uma pessoa muito criativa e acho que Lego \u00e9 uma \u00f3tima forma de expressar as minha ideias e cria\u00e7\u00f5es. Duas cria\u00e7\u00f5es de lego minhas inspiradas em dois personagens de Half-Life 2. -Hardware e computadores Sempre gostei [&hellip;]<\/p>\n","protected":false},"author":1,"featured_media":0,"parent":0,"menu_order":0,"comment_status":"closed","ping_status":"closed","template":"","meta":{"saved_in_kubio":true,"footnotes":""},"class_list":["post-49","page","type-page","status-publish","hentry"],"kubio_ai_page_context":{"short_desc":"","purpose":"general"},"_links":{"self":[{"href":"http:\/\/jmota.ptis03.pt\/index.php?rest_route=\/wp\/v2\/pages\/49","targetHints":{"allow":["GET"]}}],"collection":[{"href":"http:\/\/jmota.ptis03.pt\/index.php?rest_route=\/wp\/v2\/pages"}],"about":[{"href":"http:\/\/jmota.ptis03.pt\/index.php?rest_route=\/wp\/v2\/types\/page"}],"author":[{"embeddable":true,"href":"http:\/\/jmota.ptis03.pt\/index.php?rest_route=\/wp\/v2\/users\/1"}],"replies":[{"embeddable":true,"href":"http:\/\/jmota.ptis03.pt\/index.php?rest_route=%2Fwp%2Fv2%2Fcomments&post=49"}],"version-history":[{"count":14,"href":"http:\/\/jmota.ptis03.pt\/index.php?rest_route=\/wp\/v2\/pages\/49\/revisions"}],"predecessor-version":[{"id":203,"href":"http:\/\/jmota.ptis03.pt\/index.php?rest_route=\/wp\/v2\/pages\/49\/revisions\/203"}],"wp:attachment":[{"href":"http:\/\/jmota.ptis03.pt\/index.php?rest_route=%2Fwp%2Fv2%2Fmedia&parent=49"}],"curies":[{"name":"wp","href":"https:\/\/api.w.org\/{rel}","templated":true}]}}