{"id":11,"date":"2026-04-13T14:03:08","date_gmt":"2026-04-13T14:03:08","guid":{"rendered":"http:\/\/jmota.ptis03.pt\/?page_id=11"},"modified":"2026-04-16T13:04:43","modified_gmt":"2026-04-16T13:04:43","slug":"o-novo-umoma-abre-as-suas-portas","status":"publish","type":"page","link":"https:\/\/jmota.ptis03.pt\/","title":{"rendered":"Sobre mim"},"content":{"rendered":"\n<figure class=\"wp-block-image size-large\"><img loading=\"lazy\" decoding=\"async\" width=\"756\" height=\"1024\" src=\"http:\/\/jmota.ptis03.pt\/wp-content\/uploads\/2026\/04\/IMG-20260413-WA00101-756x1024.jpg\" alt=\"\" class=\"wp-image-61\" srcset=\"https:\/\/jmota.ptis03.pt\/wp-content\/uploads\/2026\/04\/IMG-20260413-WA00101-756x1024.jpg 756w, https:\/\/jmota.ptis03.pt\/wp-content\/uploads\/2026\/04\/IMG-20260413-WA00101-221x300.jpg 221w, https:\/\/jmota.ptis03.pt\/wp-content\/uploads\/2026\/04\/IMG-20260413-WA00101-768x1040.jpg 768w, https:\/\/jmota.ptis03.pt\/wp-content\/uploads\/2026\/04\/IMG-20260413-WA00101-1134x1536.jpg 1134w, https:\/\/jmota.ptis03.pt\/wp-content\/uploads\/2026\/04\/IMG-20260413-WA00101.jpg 1179w\" sizes=\"(max-width: 756px) 100vw, 756px\" \/><\/figure>\n\n\n\n<div class=\"wp-block-group is-nowrap is-layout-flex wp-container-core-group-is-layout-6c531013 wp-block-group-is-layout-flex\">\n<p class=\"has-text-align-left .fade-in {opacity: 0; animation fadeIn 2s ease-in forwards;} @keyframes fadeIn { to } opacity: 1; }}\">Chamo me Jo\u00e3o Mota tenho 17 anos e estudo inform\u00e1tica na Escola Secundaria de Mem-Martins.<\/p>\n<\/div>\n\n\n\n<p>&nbsp;<\/p>\n\n\n\n<figure class=\"wp-block-image alignfull size-large\"><img decoding=\"async\" src=\"https:\/\/www.aememmartins.pt\/wp-content\/uploads\/2022\/02\/Foto_ESMM-860x500-1.jpg\" alt=\"\"\/><\/figure>\n\n\n\n<p>&nbsp;<\/p>\n\n\n\n<p>Sou estudante do Curso Profissional T\u00e9cnico de Gest\u00e3o e Programa\u00e7\u00e3o de sistemas inform\u00e1ticos mais conhecido por CPTGPSI. Tenho um interesse especial pela \u00e1rea de hardware , ferrovi\u00e1ria, bases de dados e cria\u00e7\u00e3o de sites para empresas, onde posso aplicar e desenvolver as minhas compet\u00eancias t\u00e9cnicas.<\/p>\n\n\n\n<p>Sou uma pessoa curiosa, dedicada e com vontade de aprender continuamente, procurando evoluir tanto a n\u00edvel t\u00e9cnico e profissional como pessoal.<\/p>\n\n\n\n<p>&nbsp;<\/p>\n\n\n\n<p>&nbsp;<\/p>\n\n\n\n<p class=\"has-text-align-center has-x-large-font-size\"><a href=\"http:\/\/jmota.ptis03.pt\/?page_id=43\" data-type=\"page\" data-id=\"43\">Forma\u00e7\u00e3o<\/a><\/p>\n\n\n\n<p class=\"has-text-align-center has-x-large-font-size\"><a href=\"http:\/\/jmota.ptis03.pt\/?page_id=49\" data-type=\"page\" data-id=\"49\">Interesses<\/a><\/p>\n\n\n\n<p class=\"has-text-align-center has-x-large-font-size\"><a href=\"http:\/\/jmota.ptis03.pt\/?page_id=69\" data-type=\"page\" data-id=\"69\">Hobbys<\/a><\/p>\n\n\n\n<p>&nbsp;<\/p>\n\n\n\n<div class=\"wp-block-group alignfull has-global-padding is-layout-constrained wp-block-group-is-layout-constrained\" style=\"margin-top:0;margin-bottom:0;padding-top:var(--wp--preset--spacing--50);padding-bottom:var(--wp--preset--spacing--50)\">\n<div class=\"wp-block-group alignwide has-global-padding is-layout-constrained wp-block-group-is-layout-constrained\">\n<h2 class=\"wp-block-heading alignfull has-text-align-left has-xx-large-font-size\">Contacto profissional<\/h2>\n\n\n\n<div class=\"wp-block-group alignwide is-layout-grid wp-container-core-group-is-layout-5b5f6092 wp-block-group-is-layout-grid\" style=\"border-top-color:var(--wp--preset--color--accent-4);border-top-width:1px;margin-top:var(--wp--preset--spacing--50);padding-top:var(--wp--preset--spacing--60);padding-bottom:var(--wp--preset--spacing--60)\">\n<div class=\"wp-block-group wp-container-content-30ce9d60 is-vertical is-layout-flex wp-container-core-group-is-layout-fe9cc265 wp-block-group-is-layout-flex\">\n<h3 class=\"wp-block-heading has-medium-font-size\" style=\"font-style:normal;font-weight:700\">Redes sociais<\/h3>\n\n\n<nav class=\"has-medium-font-size  is-vertical wp-block-navigation is-layout-flex wp-container-core-navigation-is-layout-98bb686d wp-block-navigation-is-layout-flex\" aria-label=\"Redes sociais Redes sociais\"><ul class=\"wp-block-navigation__container has-medium-font-size  is-vertical wp-block-navigation has-medium-font-size\" aria-label=\"Redes sociais\"><li class=\"has-medium-font-size wp-block-navigation-item wp-block-navigation-link\"><a class=\"wp-block-navigation-item__content\"  href=\"#\"><span class=\"wp-block-navigation-item__label\">Instagram:mota_o_oo<\/span><\/a><\/li><li class=\"has-medium-font-size wp-block-navigation-item wp-block-navigation-link\"><a class=\"wp-block-navigation-item__content\"  href=\"#\"><span class=\"wp-block-navigation-item__label\">Linkdin: Jo\u00e3o Mota 980<\/span><\/a><\/li><\/ul><\/nav>\n\n\n<h3 class=\"wp-block-heading has-medium-font-size\" style=\"font-style:normal;font-weight:700\">Email<\/h3>\n\n\n\n<p class=\"has-medium-font-size\">motajoao980@gmail.com<\/p>\n<\/div>\n<\/div>\n<\/div>\n<\/div>\n\n\n\n<figure class=\"wp-block-gallery alignwide has-nested-images columns-default is-cropped wp-block-gallery-1 is-layout-flex wp-block-gallery-is-layout-flex\"><\/figure>\n\n\n","protected":false},"excerpt":{"rendered":"<p>Chamo me Jo\u00e3o Mota tenho 17 anos e estudo inform\u00e1tica na Escola Secundaria de Mem-Martins. &nbsp; &nbsp; Sou estudante do Curso Profissional T\u00e9cnico de Gest\u00e3o e Programa\u00e7\u00e3o de sistemas inform\u00e1ticos mais conhecido por CPTGPSI. Tenho um interesse especial pela \u00e1rea de hardware , ferrovi\u00e1ria, bases de dados e cria\u00e7\u00e3o de sites para empresas, onde posso [&hellip;]<\/p>\n","protected":false},"author":1,"featured_media":61,"parent":0,"menu_order":0,"comment_status":"closed","ping_status":"closed","template":"","meta":{"saved_in_kubio":true,"footnotes":""},"class_list":["post-11","page","type-page","status-publish","has-post-thumbnail","hentry"],"kubio_ai_page_context":{"short_desc":"","purpose":"general"},"_links":{"self":[{"href":"https:\/\/jmota.ptis03.pt\/index.php?rest_route=\/wp\/v2\/pages\/11","targetHints":{"allow":["GET"]}}],"collection":[{"href":"https:\/\/jmota.ptis03.pt\/index.php?rest_route=\/wp\/v2\/pages"}],"about":[{"href":"https:\/\/jmota.ptis03.pt\/index.php?rest_route=\/wp\/v2\/types\/page"}],"author":[{"embeddable":true,"href":"https:\/\/jmota.ptis03.pt\/index.php?rest_route=\/wp\/v2\/users\/1"}],"replies":[{"embeddable":true,"href":"https:\/\/jmota.ptis03.pt\/index.php?rest_route=%2Fwp%2Fv2%2Fcomments&post=11"}],"version-history":[{"count":30,"href":"https:\/\/jmota.ptis03.pt\/index.php?rest_route=\/wp\/v2\/pages\/11\/revisions"}],"predecessor-version":[{"id":190,"href":"https:\/\/jmota.ptis03.pt\/index.php?rest_route=\/wp\/v2\/pages\/11\/revisions\/190"}],"wp:featuredmedia":[{"embeddable":true,"href":"https:\/\/jmota.ptis03.pt\/index.php?rest_route=\/wp\/v2\/media\/61"}],"wp:attachment":[{"href":"https:\/\/jmota.ptis03.pt\/index.php?rest_route=%2Fwp%2Fv2%2Fmedia&parent=11"}],"curies":[{"name":"wp","href":"https:\/\/api.w.org\/{rel}","templated":true}]}}